{"id":9232,"date":"2020-01-27T14:22:10","date_gmt":"2020-01-27T13:22:10","guid":{"rendered":"https:\/\/your-adviser.dk\/polityka-prywatnosci-2\/"},"modified":"2020-01-27T14:22:10","modified_gmt":"2020-01-27T13:22:10","slug":"privatlivspolitik-2","status":"publish","type":"page","link":"https:\/\/your-adviser.dk\/da\/polityka-prywatnosci-2\/","title":{"rendered":"kopi af privatlivspolitikken"},"content":{"rendered":"<h2 class=\"wp-block-heading\">Hvem vi er<\/h2>\n\n\n\n<p>Vores hjemmesideadresse er: http:\/\/your-adviser.dk<\/p>\n\n\n\n<h2 class=\"wp-block-heading\">Hvilke personlige data vi indsamler, og hvorfor vi indsamler dem<\/h2>\n\n\n\n<h3 class=\"wp-block-heading\">Kommentarer<\/h3>\n\n\n\n<p>N\u00e5r en bes\u00f8gende efterlader en kommentar, indsamler vi de data, der er synlige i kommentarformularen, samt den bes\u00f8gendes IP-adresse og browsersignatur som en hj\u00e6lp til at opdage spam.<\/p>\n\n\n\n<p>En anonymiseret streng oprettet fra din e-mailadresse (den s\u00e5kaldte hash) kan sendes til Gravatar-tjenesten for at bekr\u00e6fte, at du bruger den. Privatlivspolitikken for Gravatar-tjenesten er tilg\u00e6ngelig her: https:\/\/automattic.com\/privacy\/. N\u00e5r din kommentar er godkendt, er dit profilbillede offentligt synligt i forbindelse med din kommentar.<\/p>\n\n\n\n<h3 class=\"wp-block-heading\">Medier<\/h3>\n\n\n\n<p>Hvis du er en registreret bruger og uploader billeder til webstedet, b\u00f8r du undg\u00e5 at uploade billeder med EXIF-placeringstags. Bes\u00f8gende p\u00e5 webstedet kan downloade og l\u00e6se de fulde placeringsdata fra billeder p\u00e5 webstedet.<\/p>\n\n\n\n<h3 class=\"wp-block-heading\">Kontaktformularer<\/h3>\n\n\n\n<h3 class=\"wp-block-heading\">Sm\u00e5kager<\/h3>\n\n\n\n<p>Hvis du skriver en kommentar p\u00e5 vores websted, kan du v\u00e6lge at gemme dit navn, din e-mailadresse og din webstedsadresse i cookies, s\u00e5 ovenst\u00e5ende oplysninger allerede er udfyldt, n\u00e5r du skriver efterf\u00f8lgende kommentarer. Disse cookies udl\u00f8ber efter et \u00e5r.<\/p>\n\n\n\n<p>Hvis du har en konto og logger ind p\u00e5 dette websted, opretter vi en midlertidig cookie med det form\u00e5l at kontrollere, at din browser accepterer cookies. Denne cookie indeholder ingen personlige data og vil blive slettet, n\u00e5r du lukker din browser.<\/p>\n\n\n\n<p>N\u00e5r du logger ind, opretter vi desuden flere cookies, der er n\u00f8dvendige for at gemme dine loginoplysninger og valgte sk\u00e6rmindstillinger. Login-cookies udl\u00f8ber efter to dage og sk\u00e6rmindstillingerne efter et \u00e5r. Hvis du v\u00e6lger indstillingen \u201eHusk mig\u201d, udl\u00f8ber dit login efter to uger. Hvis du logger ud af din konto, slettes dine login-cookies.<\/p>\n\n\n\n<p>Hvis du \u00e6ndrer eller udgiver en artikel, gemmes der en ekstra cookie i din browser. Denne cookie indeholder ingen personlige data, men peger blot p\u00e5 ID'et for den artikel, du lige har redigeret. Den udl\u00f8ber efter 1 dag.<\/p>\n\n\n\n<h3 class=\"wp-block-heading\">Indlejring af indhold fra andre websteder<\/h3>\n\n\n\n<p>Artikler p\u00e5 dette websted kan indeholde indlejret indhold (f.eks. videoer, billeder, artikler osv.). Indlejret indhold fra andre websteder opf\u00f8rer sig, som om brugeren havde bes\u00f8gt det specifikke websted direkte.<\/p>\n\n\n\n<p>Websteder kan indsamle oplysninger om dig, bruge cookies, tilknytte yderligere tredjepartssporingssystemer og overv\u00e5ge dine interaktioner med indlejret materiale, herunder spore dine interaktioner med indlejret materiale, hvis du har en konto og er logget ind p\u00e5 det p\u00e5g\u00e6ldende websted.<\/p>\n\n\n\n<h3 class=\"wp-block-heading\">Analyse af statistikker<\/h3>\n\n\n\n<h2 class=\"wp-block-heading\">Hvem vi deler data med<\/h2>\n\n\n\n<h2 class=\"wp-block-heading\">Hvor l\u00e6nge vi opbevarer dine data<\/h2>\n\n\n\n<p>Hvis du efterlader en kommentar, vil dens indhold og metadata blive gemt p\u00e5 ubestemt tid. P\u00e5 den m\u00e5de kan vi automatisk genkende og godkende efterf\u00f8lgende kommentarer uden at sende dem til moderation hver gang.<\/p>\n\n\n\n<p>For brugere, der har registreret sig p\u00e5 vores hjemmeside (hvis der er nogen), gemmer vi ogs\u00e5 de personlige oplysninger, der er indtastet i profilen. Enhver bruger kan til enhver tid gennemg\u00e5, rette eller slette sine personlige oplysninger (med undtagelse af brugernavnet, som ikke kan \u00e6ndres). Webstedets administratorer kan ogs\u00e5 se og \u00e6ndre disse oplysninger.<\/p>\n\n\n\n<h2 class=\"wp-block-heading\">Hvilke rettigheder har du til dine data?<\/h2>\n\n\n\n<p>Hvis du har en brugerkonto eller har skrevet kommentarer p\u00e5 dette websted, kan du anmode om en fil med et eksporteret s\u00e6t af dine personlige oplysninger, som vi er i besiddelse af, herunder alle oplysninger, som du har givet. Du kan ogs\u00e5 anmode om, at vi sletter alle personoplysninger i vores besiddelse. Dette g\u00e6lder ikke for data, som vi er forpligtet til at opbevare af administrative, juridiske eller sikkerhedsm\u00e6ssige \u00e5rsager.<\/p>\n\n\n\n<h2 class=\"wp-block-heading\">Hvor vi sender data hen<\/h2>\n\n\n\n<p>Bes\u00f8gendes kommentarer kan kontrolleres ved hj\u00e6lp af en automatiseret spambek\u00e6mpelsestjeneste.<\/p>\n\n\n\n<h2 class=\"wp-block-heading\">Dine kontaktoplysninger<\/h2>\n\n\n\n<h2 class=\"wp-block-heading\">Yderligere information<\/h2>\n\n\n\n<h3 class=\"wp-block-heading\">Hvordan beskytter vi dine data?<\/h3>\n\n\n\n<h3 class=\"wp-block-heading\">Hvilke procedurer har vi p\u00e5 plads i tilf\u00e6lde af brud p\u00e5 datasikkerheden?<\/h3>\n\n\n\n<h3 class=\"wp-block-heading\">Fra hvilke tredjeparter vi modtager data<\/h3>\n\n\n\n<h3 class=\"wp-block-heading\">Hvilken automatiseret beslutningstagning og\/eller profilering vi udf\u00f8rer ved hj\u00e6lp af dine data<\/h3>\n\n\n\n<h3 class=\"wp-block-heading\">Industriens lovm\u00e6ssige oplysningskrav<\/h3>","protected":false},"excerpt":{"rendered":"<p>Kim jeste\u015bmy Adres naszej strony internetowej to: http:\/\/your-adviser.dk Jakie dane osobiste zbieramy i dlaczego je zbieramy Komentarze Kiedy odwiedzaj\u0105cy witryn\u0119 zostawia komentarz, zbieramy dane widoczne w formularzu komentowania, jak i adres IP odwiedzaj\u0105cego oraz podpis jego przegl\u0105darki jako pomoc przy wykrywaniu spamu. Zanonimizowany ci\u0105g znak\u00f3w stworzony na podstawie twojego adresu email (tak zwany hash) mo\u017ce [&hellip;]<\/p>\n","protected":false},"author":1,"featured_media":0,"parent":0,"menu_order":0,"comment_status":"closed","ping_status":"open","template":"","meta":{"footnotes":""},"class_list":["post-9232","page","type-page","status-publish","hentry"],"_links":{"self":[{"href":"https:\/\/your-adviser.dk\/da\/wp-json\/wp\/v2\/pages\/9232","targetHints":{"allow":["GET"]}}],"collection":[{"href":"https:\/\/your-adviser.dk\/da\/wp-json\/wp\/v2\/pages"}],"about":[{"href":"https:\/\/your-adviser.dk\/da\/wp-json\/wp\/v2\/types\/page"}],"author":[{"embeddable":true,"href":"https:\/\/your-adviser.dk\/da\/wp-json\/wp\/v2\/users\/1"}],"replies":[{"embeddable":true,"href":"https:\/\/your-adviser.dk\/da\/wp-json\/wp\/v2\/comments?post=9232"}],"version-history":[{"count":0,"href":"https:\/\/your-adviser.dk\/da\/wp-json\/wp\/v2\/pages\/9232\/revisions"}],"wp:attachment":[{"href":"https:\/\/your-adviser.dk\/da\/wp-json\/wp\/v2\/media?parent=9232"}],"curies":[{"name":"wp","href":"https:\/\/api.w.org\/{rel}","templated":true}]}}